{"id":676,"date":"2016-12-13T08:54:45","date_gmt":"2016-12-13T07:54:45","guid":{"rendered":"http:\/\/metabisulfide.com\/?page_id=676"},"modified":"2016-12-13T09:00:26","modified_gmt":"2016-12-13T08:00:26","slug":"distinction","status":"publish","type":"page","link":"https:\/\/metabisulfide.com\/en\/distinction\/","title":{"rendered":"Distinction"},"content":{"rendered":"<h3>M\u00e9daille d&#8217;Argent en Photographie &#8211; Salon des Beaux-Arts 2016<\/h3>\n<p><img loading=\"lazy\" class=\"alignnone wp-image-677\" src=\"http:\/\/metabisulfide.com\/wp-content\/uploads\/2016\/12\/PRIX-SNBA.jpg\" alt=\"M\u00e9daille d'Argent photo SNBA 2016\" width=\"609\" height=\"349\" \/><\/p>\n<p>Le jury de la <strong>SNBA<\/strong> m&#8217;a d\u00e9cern\u00e9 la m\u00e9daille d&#8217;argent en photographie lors du Salon des Beaux-Arts, organis\u00e9 par la <strong><a href=\"https:\/\/fr.wikipedia.org\/wiki\/Soci%C3%A9t%C3%A9_nationale_des_beaux-arts\" target=\"_blank\">Soci\u00e9t\u00e9 Nationale des Beaux-Arts (SNBA)<\/a><\/strong>, qui s&#8217;est d\u00e9roul\u00e9 dans les salles du Carrousel du Louvre \u00e0 Paris du 8 au 11 d\u00e9cembre 2016.<br \/>\nUn grand merci \u00e0 tous les membres du jury, c&#8217;\u00e9tait d\u00e9j\u00e0 un grand honneur de participer \u00e0 ce salon, mais d&#8217;avoir la m\u00e9daille d&#8217;argent, je suis tr\u00e8s touch\u00e9e et flatt\u00e9e par cette distinction. Un immense merci \u00e0 \u00ab mon parrain \u00bb Philippe Picherit, Pr\u00e9sident de la section photo de la SNBA et \u00e0 tous ceux qui me soutiennent et m&#8217;ont encourag\u00e9 dans mon parcours ! Ainsi qu&#8217;une mention sp\u00e9ciale pour le laboratoire photo <strong><a class=\"profileLink\" href=\"https:\/\/www.picto.fr\/\" target=\"_blank\" data-hovercard=\"\/ajax\/hovercard\/page.php?id=136031976459540\" data-hovercard-prefer-more-content-show=\"1\">Picto<\/a><\/strong> a qui j&#8217;ai command\u00e9 les tirages expos\u00e9s.<\/p>\n<p>L&#8217;\u0153uvre prim\u00e9e est compos\u00e9 des 4 clich\u00e9s suivants :<br \/>\n&#8211; <strong>Navette<\/strong> issue de la s\u00e9rie \u00ab <strong><a href=\"http:\/\/metabisulfide.com\/category\/morceaux-choisis\/\" target=\"_blank\">Morceaux choisis<\/a><\/strong> \u00bb, expos\u00e9e en format 80 x 80 cm et tir\u00e9e sur du papier Baryta Hahnem\u00fchle 315 g contre-coll\u00e9 sur une plaque de Dibond,<br \/>\n&#8211; <strong>Sch<\/strong> expos\u00e9e en format 20 x 20 cm et tir\u00e9e sur du papier Baryta Hahnem\u00fchle 315 g contre-coll\u00e9 sur une plaque de Dibond,<br \/>\n&#8211; <strong>A\u00e9ration<\/strong> issue de la s\u00e9rie \u00ab <strong><a href=\"http:\/\/metabisulfide.com\/category\/morceaux-choisis\/\" target=\"_blank\">Morceaux choisis<\/a> <\/strong>\u00bb, expos\u00e9e en format 20 x 20 cm et tir\u00e9e sur du papier Baryta Hahnem\u00fchle 315 g contre-coll\u00e9 sur une plaque de Dibond,<br \/>\n&#8211; <strong>Pump up the volume<\/strong> expos\u00e9e en format 20 x 20 cm et tir\u00e9e sur du papier Baryta Hahnem\u00fchle 315 g contre-coll\u00e9 sur une plaque de Dibond.<\/p>\n<p>Depuis plus de 150 ans, le Salon des Beaux Arts a travers\u00e9 l\u2019histoire, et l\u2019histoire l\u2019a travers\u00e9. Les plus grands noms de la peinture, de la sculpture, de la gravure ont expos\u00e9 et ont \u00e9t\u00e9 la vigie des nouvelles r\u00e9flexions sur l\u2019art de chaque \u00e9poque. Du 8 au 11 d\u00e9cembre 2016,\u00a0 plus de 600 artistes venus du monde entier, des Am\u00e9riques \u00e0 l\u2019Europe en passant par l\u2019Asie y ont expos\u00e9 leurs \u0153uvres.<br \/>\nD\u00e9couvrez ici, les autres artistes prim\u00e9s, lors de ce prestigieux salon : <a href=\"https:\/\/indd.adobe.com\/view\/58f7baa1-3a0a-43e3-8af4-dbb65f3658de\" target=\"_blank\"><strong>SNBA &#8211; artistes prim\u00e9s au Salon 2016<\/strong><\/a><\/p>\n","protected":false},"excerpt":{"rendered":"<p>M\u00e9daille d&#8217;Argent en Photographie &#8211; Salon des Beaux-Arts 2016 Le jury de la SNBA m&#8217;a d\u00e9cern\u00e9 la m\u00e9daille d&#8217;argent en photographie lors du Salon des Beaux-Arts, organis\u00e9 par la Soci\u00e9t\u00e9 [&hellip;]<\/p>\n","protected":false},"author":1,"featured_media":0,"parent":0,"menu_order":0,"comment_status":"closed","ping_status":"closed","template":"","meta":[],"_links":{"self":[{"href":"https:\/\/metabisulfide.com\/en\/wp-json\/wp\/v2\/pages\/676"}],"collection":[{"href":"https:\/\/metabisulfide.com\/en\/wp-json\/wp\/v2\/pages"}],"about":[{"href":"https:\/\/metabisulfide.com\/en\/wp-json\/wp\/v2\/types\/page"}],"author":[{"embeddable":true,"href":"https:\/\/metabisulfide.com\/en\/wp-json\/wp\/v2\/users\/1"}],"replies":[{"embeddable":true,"href":"https:\/\/metabisulfide.com\/en\/wp-json\/wp\/v2\/comments?post=676"}],"version-history":[{"count":4,"href":"https:\/\/metabisulfide.com\/en\/wp-json\/wp\/v2\/pages\/676\/revisions"}],"predecessor-version":[{"id":682,"href":"https:\/\/metabisulfide.com\/en\/wp-json\/wp\/v2\/pages\/676\/revisions\/682"}],"wp:attachment":[{"href":"https:\/\/metabisulfide.com\/en\/wp-json\/wp\/v2\/media?parent=676"}],"curies":[{"name":"wp","href":"https:\/\/api.w.org\/{rel}","templated":true}]}}