{"id":652,"date":"2016-11-09T10:06:54","date_gmt":"2016-11-09T09:06:54","guid":{"rendered":"http:\/\/metabisulfide.com\/?page_id=652"},"modified":"2017-11-21T09:11:39","modified_gmt":"2017-11-21T08:11:39","slug":"mentions-legales","status":"publish","type":"page","link":"http:\/\/metabisulfide.com\/en\/mentions-legales\/","title":{"rendered":"Mentions l\u00e9gales"},"content":{"rendered":"<p><\/p>\n<h3>\u2022 <strong>\u00c9diteur \/ <em>Editor<\/em><br \/>\n<\/strong><\/h3>\n<p>Conform\u00e9ment aux dispositions des articles 6-III et 19 de la loi pour la Confiance dans l\u2019\u00c9conomie Num\u00e9rique, nous vous informons que le pr\u00e9sent site web est \u00e9dit\u00e9 par :<\/p>\n<p><strong>Metabisulfide<\/strong><br \/>\nCarole Cipone<br \/>\n39 rue Haute<br \/>\n57350 Stiring-Wendel<br \/>\nFrance<br \/>\nAuteur photographe &#8211; Siret 513 507 327 00023<\/p>\n<h3><strong>\u2022 R\u00e9alisation et h\u00e9bergement \/ <em>Creation and hosting<\/em><br \/>\n<\/strong><\/h3>\n<p>Le prestataire en charge de la r\u00e9alisation de ce site Internet est la soci\u00e9t\u00e9 :<\/p>\n<p><strong>Jib\u00e9o<\/strong><br \/>\n12 rue du Mar\u00e9chal Foch<br \/>\n57490 L&#8217;H\u00f4pital<br \/>\nFrance<br \/>\n<a href=\"http:\/\/www.jibeo.fr\" target=\"_blank\"> www.jibeo.fr<\/a><\/p>\n<p>Le site www.metabisulfide.com est h\u00e9berg\u00e9 par la soci\u00e9t\u00e9 OVH.<\/p>\n<p>OVH SAS au capital de 500 k\u20ac RCS Roubaix \u2013 Tourcoing 424 761 419 00011<br \/>\nSi\u00e8ge social : 140 Quai du Sartel \u2013 59100 Roubaix \u2013 France.<br \/>\nwww.ovh.com<\/p>\n<h3 class=\"translation_desc\">\u2022 Propri\u00e9t\u00e9 intellectuelle et contrefa\u00e7ons \/ <em><b class=\"b5\">Intellectual p<\/b><b class=\"b4\">roperty and <\/b><span class=\"tag_trans\">counterfeits<\/span><\/em><\/h3>\n<p>Ce site est la propri\u00e9t\u00e9 exclusive de Carole Cipone &#8211; Metabisulfide. Toute reproduction ou repr\u00e9sentation totale ou partielle de ce site et de ces contenus par quelque proc\u00e9d\u00e9 que ce soit, sans l\u2019autorisation expresse de son propri\u00e9taire est interdite et constitue une contrefa\u00e7on sanctionn\u00e9e par les articles L 335-2 et suivants du Code de la propri\u00e9t\u00e9 intellectuelle.<\/p>\n<p><em>This site is the exclusive property of Carole Cipone &#8211; Metabisulfide. Reproduction of all or part of this website, the texts, photos or graphical elements, on whatever media, is strictly prohibited without prior permission\u00a0from the publisher and constitutes an infringement sanctioned by articles L. 335-2 et seq. of the intellectual property code.<\/em><\/p>\n<h3>\u2022 Droit applicable et attribution de juridiction \/ <em>Jurisdiction<\/em><\/h3>\n<p>Le site Internet <a href=\"http:\/\/www.metabisulfide.com\" target=\"_blank\">www.metabisulfide.com<\/a> a \u00e9t\u00e9 \u00e9labor\u00e9 en conformit\u00e9 avec les lois en vigueur sur le territoire fran\u00e7ais.\u00a0Dans l\u2019hypoth\u00e8se o\u00f9 un litige na\u00eetrait de la pr\u00e9sente relation contractuelle, le client\u00a0et Carole Cipone &#8211; Metabisulfide s\u2019engagent avant toute action judiciaire \u00e0 rechercher une solution amiable. En cas de litige, seul le Tribunal dont d\u00e9pend le si\u00e8ge de la soci\u00e9t\u00e9 Carole Cipone &#8211; Metabisulfide est comp\u00e9tent.<\/p>\n<p><em>Website <a href=\"http:\/\/www.metabisulfide.com\" target=\"_blank\">www.metabisulfide.com<\/a> <span class=\"b4\">complies w<\/span><span class=\"b3\">ith\u00a0<\/span><span class=\"b4\">all<\/span><span class=\"b5\">\u00a0french applicable\u00a0<\/span><span class=\"b4\">law<\/span><span class=\"b3\">s<\/span>. In the hypothesis that litigation would be born out of the present contractual relation, the Customer\u00a0and the Commercial brand Carole Cipone &#8211; Metabisulfide commit before any judiciary action to search an amiable solution. In the case of litigation, only French tribunals will be competent.<\/em><\/p>\n<h3><strong>\u2022 Liens hypertextes et cookies \/ <em><b class=\"b3\">Hyperlinks and cookies<\/b><\/em><br \/>\n<\/strong><\/h3>\n<p>Le site <a href=\"http:\/\/www.metabisulfide.com\" target=\"_blank\">www.metabisulfide.com<\/a> contient un certain nombre de liens hypertextes vers d\u2019autres sites, mis en place avec l\u2019autorisation de Metabisulfide. Cependant, Metabisulfide n\u2019a pas la possibilit\u00e9 de v\u00e9rifier le contenu des sites ainsi visit\u00e9s, et n\u2019assumera en cons\u00e9quence aucune responsabilit\u00e9 de ce fait.<\/p>\n<p>La navigation sur le site <a href=\"http:\/\/www.metabisulfide.com\" target=\"_blank\">www.metabisulfide.com<\/a> est susceptible de provoquer l\u2019installation de cookie(s) sur l\u2019ordinateur de l\u2019utilisateur. Un cookie est un fichier de petite taille, qui ne permet pas l\u2019identification de l\u2019utilisateur, mais qui enregistre des informations relatives \u00e0 la navigation d\u2019un ordinateur sur un site. Les donn\u00e9es ainsi obtenues visent \u00e0 faciliter la navigation ult\u00e9rieure sur le site, et ont \u00e9galement vocation \u00e0 permettre diverses mesures de fr\u00e9quentation.<\/p>\n<p>Le refus d\u2019installation d\u2019un cookie peut entra\u00eener l\u2019impossibilit\u00e9 d\u2019acc\u00e9der \u00e0 certains services. L\u2019utilisateur peut toutefois configurer son ordinateur de la mani\u00e8re suivante, pour refuser l\u2019installation des cookies :<\/p>\n<p><strong><em>Sous Internet Explorer :<\/em> <\/strong>onglet outil (pictogramme en forme de rouage en haut a droite) \/ options internet. Cliquez sur Confidentialit\u00e9 et choisissez Bloquer tous les cookies. Validez sur Ok.<br \/>\n<a href=\"http:\/\/windows.microsoft.com\/fr-FR\/windows-vista\/Block-or-allow-cookies\" target=\"_blank\">http:\/\/windows.microsoft.com\/fr-FR\/windows-vista\/Block-or-allow-cookies<\/a><\/p>\n<p><em><strong>Sous Firefox :<\/strong><\/em> en haut de la fen\u00eatre du navigateur, cliquez sur le bouton Firefox, puis aller dans l&#8217;onglet Options. Cliquer sur l&#8217;onglet Vie priv\u00e9e. Param\u00e9trez les R\u00e8gles de conservation sur : utiliser les param\u00e8tres personnalis\u00e9s pour l&#8217;historique. Enfin d\u00e9cochez-la pour d\u00e9sactiver les cookies.<br \/>\n<a href=\"http:\/\/support.mozilla.org\/fr\/kb\/Activer%20et%20d%C3%A9sactiver%20les%20cookies\" target=\"_blank\">http:\/\/support.mozilla.org\/fr\/kb\/Activer%20et%20d%C3%A9sactiver%20les%20cookies<\/a><\/p>\n<p><strong><em>Sous Safari :<\/em> <\/strong>cliquez en haut \u00e0 droite du navigateur sur le pictogramme de menu (symbolis\u00e9 par un rouage). S\u00e9lectionnez Param\u00e8tres. Cliquez sur Afficher les param\u00e8tres avanc\u00e9s. Dans la section &#8220;Confidentialit\u00e9&#8221;, cliquez sur Param\u00e8tres de contenu. Dans la section &#8220;Cookies&#8221;, vous pouvez bloquer les cookies.<br \/>\n<a href=\"http:\/\/support.apple.com\/kb\/ht1677?viewlocale=fr_FR\" target=\"_blank\">http:\/\/support.apple.com\/kb\/ht1677?viewlocale=fr_FR<\/a><\/p>\n<p><em><strong>Sous Chrome :<\/strong><\/em> cliquez en haut \u00e0 droite du navigateur sur le pictogramme de menu (symbolis\u00e9 par trois lignes horizontales). S\u00e9lectionnez Param\u00e8tres. Cliquez sur Afficher les param\u00e8tres avanc\u00e9s. Dans la section &#8220;Confidentialit\u00e9&#8221;, cliquez sur pr\u00e9f\u00e9rences. Dans l&#8217;onglet &#8220;Confidentialit\u00e9&#8221;, vous pouvez bloquer les cookies.<br \/>\n<a href=\"http:\/\/support.google.com\/chrome\/bin\/answer.py?hl=fr&amp;hlrm=en&amp;answer=95647\" target=\"_blank\">http:\/\/support.google.com\/chrome\/bin\/answer.py?hl=fr&amp;hlrm=en&amp;answer=95647<\/a><\/p>","protected":false},"excerpt":{"rendered":"<p>\u2022 \u00c9diteur \/ Editor Conform\u00e9ment aux dispositions des articles 6-III et 19 de la loi pour la Confiance dans l\u2019\u00c9conomie Num\u00e9rique, nous vous informons que le pr\u00e9sent site web est [&hellip;]<\/p>\n","protected":false},"author":1,"featured_media":0,"parent":0,"menu_order":0,"comment_status":"closed","ping_status":"closed","template":"","meta":[],"_links":{"self":[{"href":"http:\/\/metabisulfide.com\/en\/wp-json\/wp\/v2\/pages\/652"}],"collection":[{"href":"http:\/\/metabisulfide.com\/en\/wp-json\/wp\/v2\/pages"}],"about":[{"href":"http:\/\/metabisulfide.com\/en\/wp-json\/wp\/v2\/types\/page"}],"author":[{"embeddable":true,"href":"http:\/\/metabisulfide.com\/en\/wp-json\/wp\/v2\/users\/1"}],"replies":[{"embeddable":true,"href":"http:\/\/metabisulfide.com\/en\/wp-json\/wp\/v2\/comments?post=652"}],"version-history":[{"count":12,"href":"http:\/\/metabisulfide.com\/en\/wp-json\/wp\/v2\/pages\/652\/revisions"}],"predecessor-version":[{"id":899,"href":"http:\/\/metabisulfide.com\/en\/wp-json\/wp\/v2\/pages\/652\/revisions\/899"}],"wp:attachment":[{"href":"http:\/\/metabisulfide.com\/en\/wp-json\/wp\/v2\/media?parent=652"}],"curies":[{"name":"wp","href":"https:\/\/api.w.org\/{rel}","templated":true}]}}